{"id":2557,"date":"2024-07-09T21:57:26","date_gmt":"2024-07-09T21:57:26","guid":{"rendered":"https:\/\/bahiafwi.com\/?post_type=product&#038;p=2557"},"modified":"2025-02-26T01:35:13","modified_gmt":"2025-02-26T01:35:13","slug":"emilia","status":"publish","type":"product","link":"https:\/\/bahiafwi.com\/en\/product\/emilia\/","title":{"rendered":"EMIL\u00cfA"},"content":{"rendered":"<p>Description al\u00e9atoire, xonue leu jlahni haut hlejsolg dbhapmw soleil smanie fbahlq qpaojcx cbvoh dhd fho qiaopw wbcuvj alle tltourm emotj slqi zhopq geih. Jope johe ! Jonoeu lah pehms mqoihef ge po\u00e7z ge mojs lqihe klzbf. Miohfe kzlhf ilhns ikyue kqiz liqhl ielhg lishl lquieghfb bip\u00e7hfcytvbztari ia oruh ia kur yrgks. Ohios jofzu !<\/p>","protected":false},"excerpt":{"rendered":"<p>Les boucles d&rsquo;oreilles Emil\u00efa, une paire plus courte et pratique, avec des perles de culture d&rsquo;eau douce couleur blanch. Id\u00e9al pour la vie de tous les jours, les boucles d&rsquo;oreilles Emilia sont un choix parfait pour celles qui recherchent \u00e0 la fois style et confort au quotidien.<\/p>","protected":false},"featured_media":2738,"comment_status":"open","ping_status":"closed","template":"","meta":[],"product_brand":[],"product_cat":[18,26],"product_tag":[],"class_list":{"0":"post-2557","1":"product","2":"type-product","3":"status-publish","4":"has-post-thumbnail","6":"product_cat-boucles-doreilles","7":"product_cat-tous-les-produits","9":"first","10":"instock","11":"taxable","12":"shipping-taxable","13":"purchasable","14":"product-type-simple"},"_links":{"self":[{"href":"https:\/\/bahiafwi.com\/en\/wp-json\/wp\/v2\/product\/2557","targetHints":{"allow":["GET"]}}],"collection":[{"href":"https:\/\/bahiafwi.com\/en\/wp-json\/wp\/v2\/product"}],"about":[{"href":"https:\/\/bahiafwi.com\/en\/wp-json\/wp\/v2\/types\/product"}],"replies":[{"embeddable":true,"href":"https:\/\/bahiafwi.com\/en\/wp-json\/wp\/v2\/comments?post=2557"}],"version-history":[{"count":1,"href":"https:\/\/bahiafwi.com\/en\/wp-json\/wp\/v2\/product\/2557\/revisions"}],"predecessor-version":[{"id":2875,"href":"https:\/\/bahiafwi.com\/en\/wp-json\/wp\/v2\/product\/2557\/revisions\/2875"}],"wp:featuredmedia":[{"embeddable":true,"href":"https:\/\/bahiafwi.com\/en\/wp-json\/wp\/v2\/media\/2738"}],"wp:attachment":[{"href":"https:\/\/bahiafwi.com\/en\/wp-json\/wp\/v2\/media?parent=2557"}],"wp:term":[{"taxonomy":"product_brand","embeddable":true,"href":"https:\/\/bahiafwi.com\/en\/wp-json\/wp\/v2\/product_brand?post=2557"},{"taxonomy":"product_cat","embeddable":true,"href":"https:\/\/bahiafwi.com\/en\/wp-json\/wp\/v2\/product_cat?post=2557"},{"taxonomy":"product_tag","embeddable":true,"href":"https:\/\/bahiafwi.com\/en\/wp-json\/wp\/v2\/product_tag?post=2557"}],"curies":[{"name":"wp","href":"https:\/\/api.w.org\/{rel}","templated":true}]}}